{"id":1375,"date":"2020-03-05T07:45:04","date_gmt":"2020-03-05T07:45:04","guid":{"rendered":"http:\/\/www.lumer.info\/?page_id=1375"},"modified":"2020-03-12T07:31:58","modified_gmt":"2020-03-12T07:31:58","slug":"piattaforma-e-learning-del-corso-filosofia-morale-1-a-a-2019-2020","status":"publish","type":"page","link":"https:\/\/www.lumer.info\/?page_id=1375","title":{"rendered":"Piattaforma e-learning del corso &#8222;Filosofia morale 1&#8220;, a.a. 2019-2020"},"content":{"rendered":"\n<h2 class=\"wp-block-heading\"><strong>Introduzione alla\nfilosofia morale<\/strong><\/h2>\n\n\n\n<p>Benvenuto alla piattaforma\ne-learning del corso &#8222;Filosofia morale 1&#8220;. Questa piattaforma \u00e8 stata\ncreata a causa della sospensione delle attivit\u00e0 didattiche nell&#8217;Universit\u00e0 di\nSiena per l&#8217;epidemia del corona virus. L&#8217;utilizzo di questa piattaforma\ndovrebbe sostituire la frequentazione delle lezioni durante il periodo della\nloro sospensione fino alla ripresa delle attivit\u00e0 normale della didattica.\nPerci\u00f2 gli studenti iscritti al corso &#8222;Filosofia morale 1&#8220; sono\ninvitati a studiare nel frattempo il materiale messo a disposizione su questa\npiattaforma. Questo materiale sar\u00e0 integrato via via. Buon lavoro! <br>\nCordiali saluti, <br>\nChristoph Lumer<br>\n(docente del corso &#8222;Filosofia morale 1&#8220;)<\/p>\n\n\n\n<p><strong>1a lezione (2\/3\/2020): Formalia del corso. Introduzione 1: La filosofia\npratica e gli strati della filosofia morale<\/strong><br>\nLezione tenuta regolarmente<\/p>\n\n\n\n<p><strong>2a lezione (5\/3\/2020): Introduzione 2: Strati dell&#8217;etica. Metaetica<br><\/strong>Testo della seconda lezione: <a rel=\"noreferrer noopener\" aria-label=\"FilMor1, lezione 2: Strati dell'etica; Metaetica (\u00f6ffnet in neuem Tab)\" href=\"http:\/\/www.lumer.info\/wp-content\/uploads\/2020\/03\/EinfE201_Lezione2_StratiDellEticaMetaetica.pdf\" target=\"_blank\">FilMor1, lezione 2: Strati dell&#8217;etica; Metaetica<\/a>.<\/p>\n\n\n\n<p><strong>3<\/strong><strong>a lezione (6\/3\/2020):\nIntroduzione.<br>\n<\/strong>Materiale ancora da fornire<\/p>\n\n\n\n<p>II. ETICA APPLICATA<\/p>\n\n\n\n<p><strong>4<\/strong><strong>a lezione (9\/3\/2020):\nSinger: Etica pratica<br>\n<\/strong>Materiale ancora da fornire<\/p>\n\n\n\n<p><strong>5a lezione (12\/3\/2020): Singer: L\u2019altruismo efficace<br> <\/strong><a href=\"http:\/\/www.lumer.info\/wp-content\/uploads\/2020\/03\/Lumer_NoteSu_Singer_LaCosaMiglioreCheTuPuoiFare.pdf\" target=\"_blank\" rel=\"noreferrer noopener\" aria-label=\"Lumer_NoteSu_Singer_LaCosaMiglioreCheTuPuoiFare.pdf (\u00f6ffnet in neuem Tab)\">Lumer_NoteSu_Singer_LaCosaMiglioreCheTuPuoiFare.pdf<\/a><\/p>\n\n\n\n<p><strong>6<\/strong><strong>a lezione (13\/3\/2020):\nHarris: La lotteria della sopravvivenza<\/strong><\/p>\n\n\n\n<p>III. ETICA NORMATIVA O CRITERIOLOGICA E LA SUA GIUSTIFICAZIONE<\/p>\n\n\n\n<p><strong>7<\/strong><strong>a lezione (19\/3\/2020):\nKant: Metafisica dei costumi<\/strong><\/p>\n\n\n\n<p><strong>8<\/strong><strong>a lezione (<\/strong><strong>20\/3\/2020): Kant: Metafisica\ndei costumi<\/strong><strong><\/strong><\/p>\n\n\n\n<p><strong>9<\/strong><strong>a lezione (<\/strong><strong>23\/3\/2020): Ross: Il\ngiusto e il bene<\/strong><strong><\/strong><\/p>\n\n\n\n<p><strong>10<\/strong><strong>a lezione (<\/strong><strong>26\/3\/2020): Mill:\nL&#8217;utilitarismo<\/strong><\/p>\n\n\n\n<p><strong>11<\/strong><strong>a lezione (<\/strong><strong>27\/3\/2020): Smart: Lineamenti\ndi un sistema etico-utilitarista<\/strong><strong><\/strong><\/p>\n\n\n\n<p><strong>12<\/strong><strong>a lezione (30\/3\/20):\nSchopenhauer: Il fondamento della morale<\/strong><\/p>\n\n\n\n<p><strong>13<\/strong><strong>a lezione (2\/4\/2020):\nRawls: Una teoria della giustizia \u2013 I Principi della giustizia<\/strong><\/p>\n\n\n\n<p><strong>14<\/strong><strong>a lezione (3\/4\/2020):\nLumer: Priorit\u00e0 per chi sta peggio<\/strong><\/p>\n\n\n\n<p>IV. METAETICA<\/p>\n\n\n\n<p><strong>15<\/strong><strong>a lezione (6\/4\/2020):\nHabermas: L&#8217;etica del discorso<\/strong><\/p>\n\n\n\n<p><strong>16<\/strong><strong>a lezione (9\/4\/2020):\nGauthier: Perch\u00e9 il contrattualismo.<\/strong><\/p>\n\n\n\n<p><strong>17<\/strong><strong>a lezione (10\/4\/2020):\nRawls: Una teoria della giustizia \u2013 L&#8217;Equilibrio riflessivo<\/strong><\/p>\n\n\n\n<p><strong>18<\/strong><strong>a lezione (27\/4\/20):\nMackie: Etica.<\/strong><\/p>\n\n\n\n<p>V. LA FILOSOFIA PRATICA DI HUME<\/p>\n\n\n\n<p><strong>19<\/strong><strong>a lezione (30\/4\/2020):\nHume: Trattato II.3.1-3 (= Opere I 419-439)<\/strong><\/p>\n\n\n\n<p><strong>20<\/strong><strong>a lezione (4\/5\/2020):\nHume: continua.<\/strong><\/p>\n\n\n\n<p><strong>21<\/strong><strong>a lezione (7\/5\/2020):\nHume: Ricerca morale, Cap. 1 (= Opere II 179-185). &amp; Trattato III.1.1-2 (=\nOpere I 481-503)<\/strong><\/p>\n\n\n\n<p><strong>22<\/strong><strong>a lezione (8\/5\/2020):\nHume: Ricerca morale, Appendice 1 (= Opere II 301-311) &amp; Trattato III.3.1-4\n(= Opere I 607-648)<\/strong><\/p>\n\n\n\n<p><strong>23<\/strong><strong>a lezione (11\/5\/2020):\nHume: continua.<\/strong><\/p>\n\n\n\n<p><strong>24<\/strong><strong>a lezione (14\/5\/2020):\nHume: continua<\/strong><\/p>\n\n\n\n<p><strong>25<\/strong><strong>a lezione (15\/5\/2020):\nHume: Trattato III.2.1-3 (= Opere I 504-544)<\/strong><\/p>\n\n\n\n<p><strong>26<\/strong><strong>a lezione (18\/5\/2020):\nHume: Trattato III.2.5 (= Opere I 547-557) &amp; Trattato III.2.7-11 (= Opere I\n566-602)<\/strong><\/p>\n\n\n\n<p><strong>27<\/strong><strong>a lezione (21\/5\/2020):\nHume: Ricerca morale, Cap. 5 (= Opere II 224-245) &amp; Ricerca morale,\nAppendice 2 (= Opere II 312-319)<\/strong><\/p>\n","protected":false},"excerpt":{"rendered":"<p>Introduzione alla filosofia morale Benvenuto alla piattaforma e-learning del corso &#8222;Filosofia morale 1&#8220;. Questa piattaforma \u00e8 stata creata a causa della sospensione delle attivit\u00e0 didattiche nell&#8217;Universit\u00e0 di Siena per l&#8217;epidemia del corona virus. L&#8217;utilizzo di questa piattaforma dovrebbe sostituire la &hellip; <a href=\"https:\/\/www.lumer.info\/?page_id=1375\">Weiterlesen <span class=\"meta-nav\">&rarr;<\/span><\/a><\/p>\n","protected":false},"author":1,"featured_media":0,"parent":12,"menu_order":0,"comment_status":"closed","ping_status":"closed","template":"","meta":{"footnotes":""},"_links":{"self":[{"href":"https:\/\/www.lumer.info\/index.php?rest_route=\/wp\/v2\/pages\/1375"}],"collection":[{"href":"https:\/\/www.lumer.info\/index.php?rest_route=\/wp\/v2\/pages"}],"about":[{"href":"https:\/\/www.lumer.info\/index.php?rest_route=\/wp\/v2\/types\/page"}],"author":[{"embeddable":true,"href":"https:\/\/www.lumer.info\/index.php?rest_route=\/wp\/v2\/users\/1"}],"replies":[{"embeddable":true,"href":"https:\/\/www.lumer.info\/index.php?rest_route=%2Fwp%2Fv2%2Fcomments&post=1375"}],"version-history":[{"count":7,"href":"https:\/\/www.lumer.info\/index.php?rest_route=\/wp\/v2\/pages\/1375\/revisions"}],"predecessor-version":[{"id":1417,"href":"https:\/\/www.lumer.info\/index.php?rest_route=\/wp\/v2\/pages\/1375\/revisions\/1417"}],"up":[{"embeddable":true,"href":"https:\/\/www.lumer.info\/index.php?rest_route=\/wp\/v2\/pages\/12"}],"wp:attachment":[{"href":"https:\/\/www.lumer.info\/index.php?rest_route=%2Fwp%2Fv2%2Fmedia&parent=1375"}],"curies":[{"name":"wp","href":"https:\/\/api.w.org\/{rel}","templated":true}]}}